{"id":7535,"date":"2025-07-11T10:52:25","date_gmt":"2025-07-11T03:52:25","guid":{"rendered":"https:\/\/quangcaosdc.com\/?page_id=7535"},"modified":"2025-09-22T13:39:35","modified_gmt":"2025-09-22T06:39:35","slug":"cong-ty-quang-cao-sdc-vinh-du-dat-chung-nhan-supplier-plus-tu-sedex","status":"publish","type":"page","link":"https:\/\/quangcaosdc.com\/en\/about-sdc\/cong-ty-quang-cao-sdc-vinh-du-dat-chung-nhan-supplier-plus-tu-sedex\/","title":{"rendered":"C\u00f4ng ty Qu\u1ea3ng c\u00e1o SDC vinh d\u1ef1 \u0111\u1ea1t ch\u1ee9ng nh\u1eadn Supplier Plus t\u1eeb SEDEX"},"content":{"rendered":"<div data-elementor-type=\"wp-page\" data-elementor-id=\"7535\" class=\"elementor elementor-7535\" data-elementor-settings=\"[]\">\n\t\t\t\t\t\t<div class=\"elementor-inner\">\n\t\t\t\t\t\t\t<div class=\"elementor-section-wrap\">\n\t\t\t\t\t\t\t<section class=\"elementor-section elementor-top-section elementor-element elementor-element-01398a8 elementor-section-stretched elementor-section-boxed elementor-section-height-default elementor-section-height-default\" data-id=\"01398a8\" data-element_type=\"section\" data-settings=\"{&quot;stretch_section&quot;:&quot;section-stretched&quot;,&quot;background_background&quot;:&quot;classic&quot;}\">\n\t\t\t\t\t\t\t<div class=\"elementor-background-overlay\"><\/div>\n\t\t\t\t\t\t\t<div class=\"elementor-container elementor-column-gap-default\">\n\t\t\t\t\t\t\t<div class=\"elementor-row\">\n\t\t\t\t\t<div class=\"elementor-column elementor-col-100 elementor-top-column elementor-element elementor-element-fa330e6\" data-id=\"fa330e6\" data-element_type=\"column\">\n\t\t\t<div class=\"elementor-column-wrap elementor-element-populated\">\n\t\t\t\t\t\t\t<div class=\"elementor-widget-wrap\">\n\t\t\t\t\t\t<div class=\"elementor-element elementor-element-ce2304d elementor-invisible elementor-widget elementor-widget-text-editor\" data-id=\"ce2304d\" data-element_type=\"widget\" data-settings=\"{&quot;_animation&quot;:&quot;fadeInUp&quot;}\" data-widget_type=\"text-editor.default\">\n\t\t\t\t<div class=\"elementor-widget-container\">\n\t\t\t\t\t\t\t\t<div class=\"elementor-text-editor elementor-clearfix\">\n\t\t\t\t\t<p>SDC ADVERTISING SERVICE AND TRADING PRODUCTION COMPANY LIMITED<\/p>\t\t\t\t\t<\/div>\n\t\t\t\t\t\t<\/div>\n\t\t\t\t<\/div>\n\t\t\t\t<div class=\"elementor-element elementor-element-21a34d9 elementor-invisible elementor-widget elementor-widget-text-editor\" data-id=\"21a34d9\" data-element_type=\"widget\" data-settings=\"{&quot;_animation&quot;:&quot;fadeInUp&quot;,&quot;_animation_delay&quot;:300}\" data-widget_type=\"text-editor.default\">\n\t\t\t\t<div class=\"elementor-widget-container\">\n\t\t\t\t\t\t\t\t<div class=\"elementor-text-editor elementor-clearfix\">\n\t\t\t\t\t<p>IS HONORED TO RECEIVE SUPPLIER PLUS CERTIFICATION FROM SEDEX<\/p>\t\t\t\t\t<\/div>\n\t\t\t\t\t\t<\/div>\n\t\t\t\t<\/div>\n\t\t\t\t\t\t<\/div>\n\t\t\t\t\t<\/div>\n\t\t<\/div>\n\t\t\t\t\t\t\t\t<\/div>\n\t\t\t\t\t<\/div>\n\t\t<\/section>\n\t\t\t\t<section class=\"elementor-section elementor-top-section elementor-element elementor-element-f3e9b91 elementor-section-stretched elementor-section-boxed elementor-section-height-default elementor-section-height-default\" data-id=\"f3e9b91\" data-element_type=\"section\" data-settings=\"{&quot;stretch_section&quot;:&quot;section-stretched&quot;}\">\n\t\t\t\t\t\t\t<div class=\"elementor-background-overlay\"><\/div>\n\t\t\t\t\t\t\t<div class=\"elementor-container elementor-column-gap-default\">\n\t\t\t\t\t\t\t<div class=\"elementor-row\">\n\t\t\t\t\t<div class=\"elementor-column elementor-col-50 elementor-top-column elementor-element elementor-element-74cccd1\" data-id=\"74cccd1\" data-element_type=\"column\">\n\t\t\t<div class=\"elementor-column-wrap elementor-element-populated\">\n\t\t\t\t\t\t\t<div class=\"elementor-widget-wrap\">\n\t\t\t\t\t\t<div class=\"elementor-element elementor-element-308f68c elementor-widget elementor-widget-text-editor\" data-id=\"308f68c\" data-element_type=\"widget\" data-settings=\"{&quot;_animation&quot;:&quot;none&quot;}\" data-widget_type=\"text-editor.default\">\n\t\t\t\t<div class=\"elementor-widget-container\">\n\t\t\t\t\t\t\t\t<div class=\"elementor-text-editor elementor-clearfix\">\n\t\t\t\t\t<p><strong>We are proud to announce that SDC Advertising Company has officially achieved the Supplier Plus Membership certification from Sedex \u2013 the world\u2019s leading organization for promoting transparency and improving environmental, social, and governance (ESG) performance in supply chains.<\/strong><\/p><p>This certification is a testament to SDC Advertising Company\u2019s strong commitment to building a transparent, sustainable, and responsible supply chain. By successfully meeting Sedex\u2019s rigorous assessment criteria, including the Self-Assessment Questionnaire (SAQ) and the most recent SMETA audit in April 2024, SDC Advertising Company has demonstrated its capability to manage and implement international standards in production, business operations, and corporate governance.<\/p><p>With nearly 30 years of establishment and development, SDC Advertising Company is a professional provider in the design, production, and construction of product display spaces, booths, shelves, POSM, and in-store advertising solutions. We have partnered with many major brands such as Coca-Cola, Samsung, LG, Nestl\u00e9, Unilever, Vinamilk, Masan, Abbott, Viettel, FPT, Pepsi, Vinasoy, and others to enhance brand value at the point of sale, creating outstanding and unique experiences for consumers.<\/p><p>Achieving the Supplier Plus certification from Sedex is not only recognition of SDC Advertising Company\u2019s continuous efforts to improve service quality, but also a motivation for us to keep developing sustainably, innovatively, and to accompany our clients on the journey to building strong brands.<\/p><p>SDC Advertising Company is committed to maintaining international standards in social responsibility, environmental protection, and governance, delivering exceptional and sustainable value to our customers and partners in every project.<\/p>\t\t\t\t\t<\/div>\n\t\t\t\t\t\t<\/div>\n\t\t\t\t<\/div>\n\t\t\t\t<div class=\"elementor-element elementor-element-f1cf558 elementor-position-left bdt-icon-type-icon elementor-vertical-align-top bdt-icon-effect-none elementor-widget elementor-widget-bdt-advanced-icon-box\" data-id=\"f1cf558\" data-element_type=\"widget\" data-widget_type=\"bdt-advanced-icon-box.default\">\n\t\t\t\t<div class=\"elementor-widget-container\">\n\t\t\t\t\t<div class=\"bdt-advanced-icon-box\">\n\n\t\t\t\t\t\t\t\n\t\t\t\t\t\t\t<div class=\"bdt-advanced-icon-box-icon\">\n\t\t\t\t\t<span class=\"bdt-icon-wrapper\">\n\n\n\t\t\t\t\t\t\n\t\t\t\t\t\t\t<i aria-hidden=\"true\" class=\"fas fa-quote-left\"><\/i>\n\t\t\t\t\t\t\t\n\t\t\t\t\t\t\t\t\t\t\t<\/span>\n\t\t\t\t<\/div>\n\t\t\t\n\t\t\t\t\t\t\t\t\n\t\t\t<div class=\"bdt-advanced-icon-box-content\">\n\t\t\t\t\n\t\t\t\t\t\t\t\t\t\n\t\t\n\n\t\t\n\t\t\t\t\t\t\n\t\t\t\t\n\t\t\t\t\t\t\t\t\t<div class=\"bdt-advanced-icon-box-description\">\n\t\t\t\t\t\t<p style=\"text-align: justify;\">Sedex (Supplier Ethical Data Exchange) is a global non-profit organization specializing in providing platforms and tools to help businesses manage and improve the effectiveness of ethical, social responsibility, and environmental standards in their supply chains. Sedex enables companies to store, share, and report information related to four main areas: labor standards, health &amp; safety, environment, and business ethics. One of Sedex\u2019s key highlights is the SMETA (Sedex Members Ethical Trade Audit) assessment method, which is widely used to audit and increase transparency in responsible production and business activities. Joining Sedex not only helps businesses enhance their brand reputation and meet international partners\u2019 requirements, but also contributes to building a more sustainable, transparent, and competitive supply chain in the global market.<\/p>\t\t\t\t\t<\/div>\n\t\t\t\t\n\t\t\t\t\t\t\t\t\t<a class=\"bdt-advanced-icon-box-readmore bdt-display-inline-block\" href=\"#\">\n\t\t\t\t\t\t\t\t\t\t\t\t\n\t\t\t\t\t\t\t\t\t\t\t<\/a>\n\t\t\t\t\t\t\t<\/div>\n\t\t<\/div>\n\n\t\t\n\t\t\n\t\t\t\t<\/div>\n\t\t\t\t<\/div>\n\t\t\t\t\t\t<\/div>\n\t\t\t\t\t<\/div>\n\t\t<\/div>\n\t\t\t\t<div class=\"elementor-column elementor-col-50 elementor-top-column elementor-element elementor-element-5850b04\" data-id=\"5850b04\" data-element_type=\"column\">\n\t\t\t<div class=\"elementor-column-wrap elementor-element-populated\">\n\t\t\t\t\t\t\t<div class=\"elementor-widget-wrap\">\n\t\t\t\t\t\t<div class=\"elementor-element elementor-element-f107ab6 elementor-invisible elementor-widget elementor-widget-image\" data-id=\"f107ab6\" data-element_type=\"widget\" data-settings=\"{&quot;_animation&quot;:&quot;fadeIn&quot;,&quot;_animation_delay&quot;:800,&quot;motion_fx_motion_fx_scrolling&quot;:&quot;yes&quot;,&quot;motion_fx_devices&quot;:[&quot;desktop&quot;,&quot;tablet&quot;,&quot;mobile&quot;]}\" data-widget_type=\"image.default\">\n\t\t\t\t<div class=\"elementor-widget-container\">\n\t\t\t\t\t\t\t\t<div class=\"elementor-image\">\n\t\t\t\t\t\t\t\t\t\t\t\t\t<a href=\"https:\/\/quangcaosdc.com\/wp-content\/uploads\/2025\/07\/sdc_sedex_certificate_en.pdf\" target=\"_blank\">\n\t\t\t\t\t\t\t<img decoding=\"async\" width=\"473\" height=\"673\" src=\"https:\/\/quangcaosdc.com\/wp-content\/uploads\/2025\/07\/sdc_sedex_certificate_page_en.png\" class=\"elementor-animation-grow-rotate attachment-large size-large\" alt=\"\" srcset=\"https:\/\/quangcaosdc.com\/wp-content\/uploads\/2025\/07\/sdc_sedex_certificate_page_en.png 473w, https:\/\/quangcaosdc.com\/wp-content\/uploads\/2025\/07\/sdc_sedex_certificate_page_en-450x640.png 450w, https:\/\/quangcaosdc.com\/wp-content\/uploads\/2025\/07\/sdc_sedex_certificate_page_en-8x12.png 8w\" sizes=\"(max-width: 473px) 100vw, 473px\" \/>\t\t\t\t\t\t\t\t<\/a>\n\t\t\t\t\t\t\t\t\t\t\t\t\t\t<\/div>\n\t\t\t\t\t\t<\/div>\n\t\t\t\t<\/div>\n\t\t\t\t\t\t<\/div>\n\t\t\t\t\t<\/div>\n\t\t<\/div>\n\t\t\t\t\t\t\t\t<\/div>\n\t\t\t\t\t<\/div>\n\t\t<\/section>\n\t\t\t\t\t\t<\/div>\n\t\t\t\t\t\t<\/div>\n\t\t\t\t\t<\/div>","protected":false},"excerpt":{"rendered":"<p>C\u00f4ng ty TNHH S\u1ea3n Xu\u1ea5t \u2013 Th\u01b0\u01a1ng M\u1ea1i &amp; D\u1ecbch V\u1ee5 Qu\u1ea3ng C\u00e1o SDC VINH D\u1ef0 \u0110\u1ea0T CH\u1ee8NG NH\u1eacN SUPPLIER PLUS T\u1eea SEDEX Ch\u00fang t\u00f4i t\u1ef1 h\u00e0o th\u00f4ng b\u00e1o r\u1eb1ng C\u00f4ng ty qu\u1ea3ng c\u00e1o SDC v\u1eeba ch\u00ednh th\u1ee9c \u0111\u1ea1t \u0111\u01b0\u1ee3c ch\u1ee9ng nh\u1eadn Supplier Plus Membership t\u1eeb Sedex \u2013 t\u1ed5 ch\u1ee9c to\u00e0n c\u1ea7u h\u00e0ng \u0111\u1ea7u v\u1ec1 [&hellip;]<\/p>","protected":false},"author":4,"featured_media":0,"parent":55,"menu_order":0,"comment_status":"closed","ping_status":"closed","template":"elementor_header_footer","meta":{"footnotes":""},"yst_prominent_words":[],"class_list":["post-7535","page","type-page","status-publish","hentry"],"_links":{"self":[{"href":"https:\/\/quangcaosdc.com\/en\/wp-json\/wp\/v2\/pages\/7535","targetHints":{"allow":["GET"]}}],"collection":[{"href":"https:\/\/quangcaosdc.com\/en\/wp-json\/wp\/v2\/pages"}],"about":[{"href":"https:\/\/quangcaosdc.com\/en\/wp-json\/wp\/v2\/types\/page"}],"author":[{"embeddable":true,"href":"https:\/\/quangcaosdc.com\/en\/wp-json\/wp\/v2\/users\/4"}],"replies":[{"embeddable":true,"href":"https:\/\/quangcaosdc.com\/en\/wp-json\/wp\/v2\/comments?post=7535"}],"version-history":[{"count":19,"href":"https:\/\/quangcaosdc.com\/en\/wp-json\/wp\/v2\/pages\/7535\/revisions"}],"predecessor-version":[{"id":7642,"href":"https:\/\/quangcaosdc.com\/en\/wp-json\/wp\/v2\/pages\/7535\/revisions\/7642"}],"up":[{"embeddable":true,"href":"https:\/\/quangcaosdc.com\/en\/wp-json\/wp\/v2\/pages\/55"}],"wp:attachment":[{"href":"https:\/\/quangcaosdc.com\/en\/wp-json\/wp\/v2\/media?parent=7535"}],"wp:term":[{"taxonomy":"yst_prominent_words","embeddable":true,"href":"https:\/\/quangcaosdc.com\/en\/wp-json\/wp\/v2\/yst_prominent_words?post=7535"}],"curies":[{"name":"wp","href":"https:\/\/api.w.org\/{rel}","templated":true}]}}