{"id":6261,"date":"2021-10-07T16:26:09","date_gmt":"2021-10-07T09:26:09","guid":{"rendered":"https:\/\/quangcaosdc.com\/?page_id=6261"},"modified":"2021-10-11T17:13:33","modified_gmt":"2021-10-11T10:13:33","slug":"vcard","status":"publish","type":"page","link":"https:\/\/quangcaosdc.com\/en\/vcard\/","title":{"rendered":"C\u00f4ng ty TNHH S\u1ea3n xu\u1ea5t Th\u01b0\u01a1ng m\u1ea1i \u2013 D\u1ecbch v\u1ee5 Qu\u1ea3ng c\u00e1o SDC"},"content":{"rendered":"<div data-elementor-type=\"wp-page\" data-elementor-id=\"6261\" class=\"elementor elementor-6261\" data-elementor-settings=\"[]\">\n\t\t\t\t\t\t<div class=\"elementor-inner\">\n\t\t\t\t\t\t\t<div class=\"elementor-section-wrap\">\n\t\t\t\t\t\t\t<section class=\"elementor-section elementor-top-section elementor-element elementor-element-d7e1124 elementor-section-boxed elementor-section-height-default elementor-section-height-default\" data-id=\"d7e1124\" data-element_type=\"section\">\n\t\t\t\t\t\t<div class=\"elementor-container elementor-column-gap-default\">\n\t\t\t\t\t\t\t<div class=\"elementor-row\">\n\t\t\t\t\t<div class=\"elementor-column elementor-col-100 elementor-top-column elementor-element elementor-element-f02a210\" data-id=\"f02a210\" data-element_type=\"column\">\n\t\t\t<div class=\"elementor-column-wrap elementor-element-populated\">\n\t\t\t\t\t\t\t<div class=\"elementor-widget-wrap\">\n\t\t\t\t\t\t<div class=\"elementor-element elementor-element-789e545 elementor-widget elementor-widget-image\" data-id=\"789e545\" data-element_type=\"widget\" data-widget_type=\"image.default\">\n\t\t\t\t<div class=\"elementor-widget-container\">\n\t\t\t\t\t\t\t\t<div class=\"elementor-image\">\n\t\t\t\t\t\t\t\t\t\t\t\t<img decoding=\"async\" width=\"400\" height=\"181\" src=\"https:\/\/quangcaosdc.com\/wp-content\/uploads\/2021\/04\/sdc-logo-2021-vi.png\" class=\"attachment-thumbnail size-thumbnail\" alt=\"\" srcset=\"https:\/\/quangcaosdc.com\/wp-content\/uploads\/2021\/04\/sdc-logo-2021-vi.png 400w, https:\/\/quangcaosdc.com\/wp-content\/uploads\/2021\/04\/sdc-logo-2021-vi-16x7.png 16w\" sizes=\"(max-width: 400px) 100vw, 400px\" \/>\t\t\t\t\t\t\t\t\t\t\t\t\t\t<\/div>\n\t\t\t\t\t\t<\/div>\n\t\t\t\t<\/div>\n\t\t\t\t<div class=\"elementor-element elementor-element-1c8c804 elementor-widget elementor-widget-text-editor\" data-id=\"1c8c804\" data-element_type=\"widget\" data-widget_type=\"text-editor.default\">\n\t\t\t\t<div class=\"elementor-widget-container\">\n\t\t\t\t\t\t\t\t<div class=\"elementor-text-editor elementor-clearfix\">\n\t\t\t\t\t<h5><strong>C\u00d4NG TY TNHH S\u1ea2N XU\u1ea4T TH\u01af\u01a0NG M\u1ea0I V\u00c0 D\u1ecaCH V\u1ee4 QU\u1ea2NG C\u00c1O SDC<\/strong><\/h5><p>M\u00e3 s\u1ed1 thu\u1ebf: 0315412536<\/p><p>\u0110\u1ecba ch\u1ec9: E10\/282 \u1ea4p 5, Qu\u1ed1c l\u1ed9 50, X\u00e3 Phong Ph\u00fa, huy\u1ec7n B\u00ecnh Ch\u00e1nh, Tp. H\u1ed3 Ch\u00ed Minh, VN<\/p><p>Tel : (84-28) 3761 3535 \u2013 3761 3737 \u2013 3761 3939<\/p><p>Email : <a href=\"mailto:sdc@sondecal.com\">sdc@sondecal.com<\/a>\u00a0 &#8211;\u00a0 Fax: (84-28) 3761 3235<\/p><p>S\u1ed1 t\u00e0i kho\u1ea3n: 5195 1956 t\u1ea1i Ng\u00e2n h\u00e0ng TMCP \u00c1 Ch\u00e2u (ACB)<\/p><p>Website: <a href=\"https:\/\/quangcaosdc.com\/en\/\">https:\/\/quangcaosdc.com<\/a>\u00a0 &#8211;\u00a0 Hotline: <a href=\"tel:0902686968\">0902 686968<\/a><\/p>\t\t\t\t\t<\/div>\n\t\t\t\t\t\t<\/div>\n\t\t\t\t<\/div>\n\t\t\t\t\t\t<\/div>\n\t\t\t\t\t<\/div>\n\t\t<\/div>\n\t\t\t\t\t\t\t\t<\/div>\n\t\t\t\t\t<\/div>\n\t\t<\/section>\n\t\t\t\t\t\t<\/div>\n\t\t\t\t\t\t<\/div>\n\t\t\t\t\t<\/div>","protected":false},"excerpt":{"rendered":"<p>C\u00d4NG TY TNHH S\u1ea2N XU\u1ea4T TH\u01af\u01a0NG M\u1ea0I V\u00c0 D\u1ecaCH V\u1ee4 QU\u1ea2NG C\u00c1O SDC M\u00e3 s\u1ed1 thu\u1ebf: 0315412536 \u0110\u1ecba ch\u1ec9: E10\/282 \u1ea4p 5, Qu\u1ed1c l\u1ed9 50, X\u00e3 Phong Ph\u00fa, huy\u1ec7n B\u00ecnh Ch\u00e1nh, Tp. H\u1ed3 Ch\u00ed Minh, VN Tel : (84-28) 3761 3535 \u2013 3761 3737 \u2013 3761 3939 Email : sdc@sondecal.com\u00a0 &#8211;\u00a0 Fax: (84-28) 3761 3235 [&hellip;]<\/p>","protected":false},"author":4,"featured_media":0,"parent":0,"menu_order":0,"comment_status":"closed","ping_status":"closed","template":"elementor_canvas","meta":{"footnotes":""},"yst_prominent_words":[],"class_list":["post-6261","page","type-page","status-publish","hentry"],"_links":{"self":[{"href":"https:\/\/quangcaosdc.com\/en\/wp-json\/wp\/v2\/pages\/6261","targetHints":{"allow":["GET"]}}],"collection":[{"href":"https:\/\/quangcaosdc.com\/en\/wp-json\/wp\/v2\/pages"}],"about":[{"href":"https:\/\/quangcaosdc.com\/en\/wp-json\/wp\/v2\/types\/page"}],"author":[{"embeddable":true,"href":"https:\/\/quangcaosdc.com\/en\/wp-json\/wp\/v2\/users\/4"}],"replies":[{"embeddable":true,"href":"https:\/\/quangcaosdc.com\/en\/wp-json\/wp\/v2\/comments?post=6261"}],"version-history":[{"count":85,"href":"https:\/\/quangcaosdc.com\/en\/wp-json\/wp\/v2\/pages\/6261\/revisions"}],"predecessor-version":[{"id":6398,"href":"https:\/\/quangcaosdc.com\/en\/wp-json\/wp\/v2\/pages\/6261\/revisions\/6398"}],"wp:attachment":[{"href":"https:\/\/quangcaosdc.com\/en\/wp-json\/wp\/v2\/media?parent=6261"}],"wp:term":[{"taxonomy":"yst_prominent_words","embeddable":true,"href":"https:\/\/quangcaosdc.com\/en\/wp-json\/wp\/v2\/yst_prominent_words?post=6261"}],"curies":[{"name":"wp","href":"https:\/\/api.w.org\/{rel}","templated":true}]}}