{"id":1707,"date":"2020-12-29T13:56:56","date_gmt":"2020-12-29T06:56:56","guid":{"rendered":"https:\/\/sdc.jaysoft.asia\/?page_id=1707"},"modified":"2025-07-10T11:34:43","modified_gmt":"2025-07-10T04:34:43","slug":"triet-ly-hoat-dong-sdc","status":"publish","type":"page","link":"https:\/\/quangcaosdc.com\/en\/sustainable-development\/business-philosophy\/","title":{"rendered":"BUSINESS PHILOSOPHY"},"content":{"rendered":"<div data-elementor-type=\"wp-page\" data-elementor-id=\"1707\" class=\"elementor elementor-1707\" data-elementor-settings=\"[]\">\n\t\t\t\t\t\t<div class=\"elementor-inner\">\n\t\t\t\t\t\t\t<div class=\"elementor-section-wrap\">\n\t\t\t\t\t\t\t<section class=\"elementor-section elementor-top-section elementor-element elementor-element-e179021 elementor-section-boxed elementor-section-height-default elementor-section-height-default\" data-id=\"e179021\" data-element_type=\"section\" data-settings=\"{&quot;background_background&quot;:&quot;classic&quot;}\">\n\t\t\t\t\t\t<div class=\"elementor-container elementor-column-gap-default\">\n\t\t\t\t\t\t\t<div class=\"elementor-row\">\n\t\t\t\t\t<div class=\"elementor-column elementor-col-100 elementor-top-column elementor-element elementor-element-92827e1\" data-id=\"92827e1\" data-element_type=\"column\">\n\t\t\t<div class=\"elementor-column-wrap elementor-element-populated\">\n\t\t\t\t\t\t\t<div class=\"elementor-widget-wrap\">\n\t\t\t\t\t\t<div class=\"elementor-element elementor-element-b892e23 elementor-invisible elementor-widget elementor-widget-heading\" data-id=\"b892e23\" data-element_type=\"widget\" data-settings=\"{&quot;_animation&quot;:&quot;fadeInUp&quot;}\" data-widget_type=\"heading.default\">\n\t\t\t\t<div class=\"elementor-widget-container\">\n\t\t\t<h2 class=\"elementor-heading-title elementor-size-default\">BUSINESS PHILOSOPHY OF<\/h2>\t\t<\/div>\n\t\t\t\t<\/div>\n\t\t\t\t<div class=\"elementor-element elementor-element-cf5a888 elementor-invisible elementor-widget elementor-widget-heading\" data-id=\"cf5a888\" data-element_type=\"widget\" data-settings=\"{&quot;_animation&quot;:&quot;fadeInUp&quot;}\" data-widget_type=\"heading.default\">\n\t\t\t\t<div class=\"elementor-widget-container\">\n\t\t\t<h2 class=\"elementor-heading-title elementor-size-default\"> SDC Produce-Trading &amp; Services Advertisement Co.<\/h2>\t\t<\/div>\n\t\t\t\t<\/div>\n\t\t\t\t<section class=\"elementor-section elementor-inner-section elementor-element elementor-element-ab55982 elementor-section-full_width elementor-section-height-default elementor-section-height-default\" data-id=\"ab55982\" data-element_type=\"section\">\n\t\t\t\t\t\t<div class=\"elementor-container elementor-column-gap-default\">\n\t\t\t\t\t\t\t<div class=\"elementor-row\">\n\t\t\t\t\t<div class=\"elementor-column elementor-col-25 elementor-inner-column elementor-element elementor-element-7adae0e\" data-id=\"7adae0e\" data-element_type=\"column\">\n\t\t\t<div class=\"elementor-column-wrap elementor-element-populated\">\n\t\t\t\t\t\t\t<div class=\"elementor-widget-wrap\">\n\t\t\t\t\t\t<div class=\"elementor-element elementor-element-760771e bdt-icon-type-image bdt-icon-effect-none elementor-widget elementor-widget-bdt-step-flow\" data-id=\"760771e\" data-element_type=\"widget\" data-widget_type=\"bdt-step-flow.default\">\n\t\t\t\t<div class=\"elementor-widget-container\">\n\t\t\t          <div class=\"bdt-step-flow\">\n              \n                          \n                        <div class=\"bdt-step-flow-icon\">\n\t\t\t\t\t<span class=\"bdt-icon-wrapper\">\n\n\n\t\t\t\t\t\t              <img decoding=\"async\" src=\"https:\/\/quangcaosdc.com\/\/wp-content\/uploads\/2020\/10\/icon-sdc-1.svg\" alt=\"MISSION\">\n            \t\t\t\t\t<\/span>\n            <\/div>\n                        \n            \n            <div class=\"bdt-step-flow-content\">\n                \n                            \n                        <h3 class=\"bdt-step-flow-title\">\n            <span >\n                MISSION            <\/span>\n            <\/h3>\n                        \n                            \n                                \n                                  <div class=\"bdt-step-flow-description\">\n                      Each implemented project is the combination of devotion, professionalism and creation. We commit to offering our dedicated value and contributing to the success of our clients and partners.                  <\/div>\n                                \n                \n            <\/div>\n              \n              \n          <\/div>\n            \n                        \n            \t\t<\/div>\n\t\t\t\t<\/div>\n\t\t\t\t\t\t<\/div>\n\t\t\t\t\t<\/div>\n\t\t<\/div>\n\t\t\t\t<div class=\"elementor-column elementor-col-25 elementor-inner-column elementor-element elementor-element-ad02d56\" data-id=\"ad02d56\" data-element_type=\"column\">\n\t\t\t<div class=\"elementor-column-wrap elementor-element-populated\">\n\t\t\t\t\t\t\t<div class=\"elementor-widget-wrap\">\n\t\t\t\t\t\t<div class=\"elementor-element elementor-element-9e8d9eb bdt-icon-type-image bdt-icon-effect-none elementor-widget elementor-widget-bdt-step-flow\" data-id=\"9e8d9eb\" data-element_type=\"widget\" data-widget_type=\"bdt-step-flow.default\">\n\t\t\t\t<div class=\"elementor-widget-container\">\n\t\t\t          <div class=\"bdt-step-flow\">\n              \n                          \n                        <div class=\"bdt-step-flow-icon\">\n\t\t\t\t\t<span class=\"bdt-icon-wrapper\">\n\n\n\t\t\t\t\t\t              <img decoding=\"async\" src=\"https:\/\/quangcaosdc.com\/\/wp-content\/uploads\/2020\/10\/icon-sdc-2.svg\" alt=\"VISION\">\n            \t\t\t\t\t<\/span>\n            <\/div>\n                        \n            \n            <div class=\"bdt-step-flow-content\">\n                \n                            \n                        <h3 class=\"bdt-step-flow-title\">\n            <span >\n                VISION            <\/span>\n            <\/h3>\n                        \n                            \n                                \n                                  <div class=\"bdt-step-flow-description\">\n                      On the way becoming a professional, effective and creative advertising service provider not only in the country but also in Southeast Asia.                  <\/div>\n                                \n                \n            <\/div>\n              \n              \n          <\/div>\n            \n                        \n            \t\t<\/div>\n\t\t\t\t<\/div>\n\t\t\t\t\t\t<\/div>\n\t\t\t\t\t<\/div>\n\t\t<\/div>\n\t\t\t\t<div class=\"elementor-column elementor-col-25 elementor-inner-column elementor-element elementor-element-4f39e08\" data-id=\"4f39e08\" data-element_type=\"column\">\n\t\t\t<div class=\"elementor-column-wrap elementor-element-populated\">\n\t\t\t\t\t\t\t<div class=\"elementor-widget-wrap\">\n\t\t\t\t\t\t<div class=\"elementor-element elementor-element-d7391c1 bdt-icon-type-image bdt-icon-effect-none elementor-widget elementor-widget-bdt-step-flow\" data-id=\"d7391c1\" data-element_type=\"widget\" data-widget_type=\"bdt-step-flow.default\">\n\t\t\t\t<div class=\"elementor-widget-container\">\n\t\t\t          <div class=\"bdt-step-flow\">\n              \n                          \n                        <div class=\"bdt-step-flow-icon\">\n\t\t\t\t\t<span class=\"bdt-icon-wrapper\">\n\n\n\t\t\t\t\t\t              <img decoding=\"async\" src=\"https:\/\/quangcaosdc.com\/\/wp-content\/uploads\/2020\/10\/icon-sdc-5.svg\" alt=\"CORE VALUE\">\n            \t\t\t\t\t<\/span>\n            <\/div>\n                        \n            \n            <div class=\"bdt-step-flow-content\">\n                \n                            \n                        <h3 class=\"bdt-step-flow-title\">\n            <span >\n                CORE VALUE            <\/span>\n            <\/h3>\n                        \n                            \n                                \n                                  <div class=\"bdt-step-flow-description\">\n                      PrePrestige<br>Dedication<br>Innovation<br>Quality<br>Efficiency                  <\/div>\n                                \n                \n            <\/div>\n              \n              \n          <\/div>\n            \n                        \n            \t\t<\/div>\n\t\t\t\t<\/div>\n\t\t\t\t\t\t<\/div>\n\t\t\t\t\t<\/div>\n\t\t<\/div>\n\t\t\t\t<div class=\"elementor-column elementor-col-25 elementor-inner-column elementor-element elementor-element-8f0f715\" data-id=\"8f0f715\" data-element_type=\"column\">\n\t\t\t<div class=\"elementor-column-wrap elementor-element-populated\">\n\t\t\t\t\t\t\t<div class=\"elementor-widget-wrap\">\n\t\t\t\t\t\t<div class=\"elementor-element elementor-element-cce07f6 bdt-icon-type-image bdt-icon-effect-none elementor-widget elementor-widget-bdt-step-flow\" data-id=\"cce07f6\" data-element_type=\"widget\" data-widget_type=\"bdt-step-flow.default\">\n\t\t\t\t<div class=\"elementor-widget-container\">\n\t\t\t          <div class=\"bdt-step-flow\">\n              \n                          \n                        <div class=\"bdt-step-flow-icon\">\n\t\t\t\t\t<span class=\"bdt-icon-wrapper\">\n\n\n\t\t\t\t\t\t              <img decoding=\"async\" src=\"https:\/\/quangcaosdc.com\/\/wp-content\/uploads\/2020\/10\/icon-sdc-4.svg\" alt=\"CORPORATE CULTURE\">\n            \t\t\t\t\t<\/span>\n            <\/div>\n                        \n            \n            <div class=\"bdt-step-flow-content\">\n                \n                            \n                        <h3 class=\"bdt-step-flow-title\">\n            <span >\n                CORPORATE CULTURE            <\/span>\n            <\/h3>\n                        \n                            \n                                \n                                  <div class=\"bdt-step-flow-description\">\n                      The great SDC family has been established by a great corporate culture: it\u2019s a mix from a spirit of solidarity and strength, which are leveraged as motivation for us to fight from day by day, create and develop for our general benefits contributed to the community, partners and clients.                  <\/div>\n                                \n                \n            <\/div>\n              \n              \n          <\/div>\n            \n                        \n            \t\t<\/div>\n\t\t\t\t<\/div>\n\t\t\t\t\t\t<\/div>\n\t\t\t\t\t<\/div>\n\t\t<\/div>\n\t\t\t\t\t\t\t\t<\/div>\n\t\t\t\t\t<\/div>\n\t\t<\/section>\n\t\t\t\t\t\t<\/div>\n\t\t\t\t\t<\/div>\n\t\t<\/div>\n\t\t\t\t\t\t\t\t<\/div>\n\t\t\t\t\t<\/div>\n\t\t<\/section>\n\t\t\t\t<section class=\"elementor-section elementor-top-section elementor-element elementor-element-32dd54c elementor-section-full_width elementor-section-content-top elementor-section-height-default elementor-section-height-default\" data-id=\"32dd54c\" data-element_type=\"section\">\n\t\t\t\t\t\t<div class=\"elementor-container elementor-column-gap-default\">\n\t\t\t\t\t\t\t<div class=\"elementor-row\">\n\t\t\t\t\t<div class=\"elementor-column elementor-col-100 elementor-top-column elementor-element elementor-element-215521a\" data-id=\"215521a\" data-element_type=\"column\">\n\t\t\t<div class=\"elementor-column-wrap elementor-element-populated\">\n\t\t\t\t\t\t\t<div class=\"elementor-widget-wrap\">\n\t\t\t\t\t\t<div class=\"elementor-element elementor-element-ef4424d elementor-widget elementor-widget-image-carousel\" data-id=\"ef4424d\" data-element_type=\"widget\" data-settings=\"{&quot;slides_to_show&quot;:&quot;2&quot;,&quot;slides_to_show_tablet&quot;:&quot;1&quot;,&quot;slides_to_scroll&quot;:&quot;1&quot;,&quot;navigation&quot;:&quot;none&quot;,&quot;image_spacing_custom&quot;:{&quot;unit&quot;:&quot;px&quot;,&quot;size&quot;:5,&quot;sizes&quot;:[]},&quot;pause_on_interaction&quot;:&quot;no&quot;,&quot;speed&quot;:400,&quot;autoplay_speed&quot;:6000,&quot;autoplay&quot;:&quot;yes&quot;,&quot;pause_on_hover&quot;:&quot;yes&quot;,&quot;infinite&quot;:&quot;yes&quot;}\" data-widget_type=\"image-carousel.default\">\n\t\t\t\t<div class=\"elementor-widget-container\">\n\t\t\t\t\t<div class=\"elementor-image-carousel-wrapper swiper-container\" dir=\"ltr\">\n\t\t\t<div class=\"elementor-image-carousel swiper-wrapper swiper-image-stretch\">\n\t\t\t\t<div class=\"swiper-slide\"><figure class=\"swiper-slide-inner\"><img decoding=\"async\" class=\"swiper-slide-image\" src=\"https:\/\/quangcaosdc.com\/wp-content\/uploads\/elementor\/thumbs\/sdc-chung-mot-nha-2025-r8jcg7c8dkhwk68ia0tv968ewtvi6246j7kgki8em8.jpg\" alt=\"Experienced Management Team\" \/><figcaption class=\"elementor-image-carousel-caption\">Experienced Management Team<\/figcaption><\/figure><\/div><div class=\"swiper-slide\"><figure class=\"swiper-slide-inner\"><img decoding=\"async\" class=\"swiper-slide-image\" src=\"https:\/\/quangcaosdc.com\/wp-content\/uploads\/elementor\/thumbs\/IDC-Customer-Success-CX-scaled-1-pui7hzczcd2aizs58ncben49uwe9jm9faii8kvw1ds.jpg\" alt=\"CUSTOMER SUCCESS IS OUR GOAL\" \/><figcaption class=\"elementor-image-carousel-caption\">CUSTOMER SUCCESS IS OUR GOAL<\/figcaption><\/figure><\/div><div class=\"swiper-slide\"><figure class=\"swiper-slide-inner\"><img decoding=\"async\" class=\"swiper-slide-image\" src=\"https:\/\/quangcaosdc.com\/wp-content\/uploads\/elementor\/thumbs\/nhan-vien-1-pui7i26hwv65hto1s6k744enn20d6pkmawgp0pruv4.jpg\" alt=\"PROFESSIONAL CONSULTANTS\" \/><figcaption class=\"elementor-image-carousel-caption\">PROFESSIONAL CONSULTANTS<\/figcaption><\/figure><\/div><div class=\"swiper-slide\"><figure class=\"swiper-slide-inner\"><img decoding=\"async\" class=\"swiper-slide-image\" src=\"https:\/\/quangcaosdc.com\/wp-content\/uploads\/elementor\/thumbs\/nhan-vien-tu-van-sdc-v2-scaled-r8jcpe7f792u2wvwlzujmuqo0gkpfilp4p7dhwlts0.jpg\" alt=\"\" \/><\/figure><\/div><div class=\"swiper-slide\"><figure class=\"swiper-slide-inner\"><img decoding=\"async\" class=\"swiper-slide-image\" src=\"https:\/\/quangcaosdc.com\/wp-content\/uploads\/elementor\/thumbs\/5f2779a146e4afbaf6f5-r88uoqm8l3usyg7tlkvaay81t7wkfl6ng3z7biamf4.jpg\" alt=\"WELCOME TO SDC ADVERTISING COMPANY\" \/><figcaption class=\"elementor-image-carousel-caption\">WELCOME TO SDC ADVERTISING COMPANY<\/figcaption><\/figure><\/div>\t\t\t<\/div>\n\t\t\t\t\t\t\t\t\t\t\t\t\t\t\t\t<\/div>\n\t\t\t\t<\/div>\n\t\t\t\t<\/div>\n\t\t\t\t\t\t<\/div>\n\t\t\t\t\t<\/div>\n\t\t<\/div>\n\t\t\t\t\t\t\t\t<\/div>\n\t\t\t\t\t<\/div>\n\t\t<\/section>\n\t\t\t\t\t\t<\/div>\n\t\t\t\t\t\t<\/div>\n\t\t\t\t\t<\/div>","protected":false},"excerpt":{"rendered":"<p>TRI\u1ebeT L\u00dd HO\u1ea0T \u0110\u1ed8NG C\u00f4ng ty Qu\u1ea3ng c\u00e1o SDC S\u1ee8 M\u1ec6NH T\u1eadn t\u00e2m, chuy\u00ean nghi\u1ec7p v\u00e0 s\u00e1ng t\u1ea1o trong m\u1ed7i d\u1ef1 \u00e1n th\u1ef1c hi\u1ec7n. Lu\u00f4n c\u1ed1ng hi\u1ebfn gi\u00e1 tr\u1ecb v\u00e0 \u0111\u00f3ng g\u00f3p v\u00e0o s\u1ef1 th\u00e0nh c\u00f4ng c\u1ee7a kh\u00e1ch h\u00e0ng v\u00e0 \u0111\u1ed1i t\u00e1c. T\u1ea6M NH\u00ccN Tr\u1edf th\u00e0nh \u0111\u01a1n v\u1ecb cung c\u1ea5p d\u1ecbch v\u1ee5 qu\u1ea3ng c\u00e1o chuy\u00ean [&hellip;]<\/p>","protected":false},"author":1,"featured_media":0,"parent":63,"menu_order":0,"comment_status":"closed","ping_status":"closed","template":"","meta":{"footnotes":""},"yst_prominent_words":[],"class_list":["post-1707","page","type-page","status-publish","hentry"],"_links":{"self":[{"href":"https:\/\/quangcaosdc.com\/en\/wp-json\/wp\/v2\/pages\/1707","targetHints":{"allow":["GET"]}}],"collection":[{"href":"https:\/\/quangcaosdc.com\/en\/wp-json\/wp\/v2\/pages"}],"about":[{"href":"https:\/\/quangcaosdc.com\/en\/wp-json\/wp\/v2\/types\/page"}],"author":[{"embeddable":true,"href":"https:\/\/quangcaosdc.com\/en\/wp-json\/wp\/v2\/users\/1"}],"replies":[{"embeddable":true,"href":"https:\/\/quangcaosdc.com\/en\/wp-json\/wp\/v2\/comments?post=1707"}],"version-history":[{"count":217,"href":"https:\/\/quangcaosdc.com\/en\/wp-json\/wp\/v2\/pages\/1707\/revisions"}],"predecessor-version":[{"id":7531,"href":"https:\/\/quangcaosdc.com\/en\/wp-json\/wp\/v2\/pages\/1707\/revisions\/7531"}],"up":[{"embeddable":true,"href":"https:\/\/quangcaosdc.com\/en\/wp-json\/wp\/v2\/pages\/63"}],"wp:attachment":[{"href":"https:\/\/quangcaosdc.com\/en\/wp-json\/wp\/v2\/media?parent=1707"}],"wp:term":[{"taxonomy":"yst_prominent_words","embeddable":true,"href":"https:\/\/quangcaosdc.com\/en\/wp-json\/wp\/v2\/yst_prominent_words?post=1707"}],"curies":[{"name":"wp","href":"https:\/\/api.w.org\/{rel}","templated":true}]}}